{"id":417,"date":"2021-01-26T21:10:30","date_gmt":"2021-01-26T20:10:30","guid":{"rendered":"http:\/\/lesateliersgourmands.fr\/?page_id=417"},"modified":"2025-06-15T17:39:25","modified_gmt":"2025-06-15T16:39:25","slug":"commandes-gratins-et-crumbles-a-emporter","status":"publish","type":"page","link":"https:\/\/lesateliersgourmands.fr\/index.php\/commandes-gratins-et-crumbles-a-emporter\/","title":{"rendered":"Commandes : GRATINS ET CRUMBLES A EMPORTER"},"content":{"rendered":"<p><img data-attachment-id=\"92\" data-permalink=\"https:\/\/lesateliersgourmands.fr\/index.php\/les-gratins-a-emporter\/gratin2\/\" data-orig-file=\"https:\/\/i0.wp.com\/lesateliersgourmands.fr\/wp-content\/uploads\/2016\/06\/gratin2.jpg?fit=1200%2C1687&amp;ssl=1\" data-orig-size=\"1200,1687\" data-comments-opened=\"1\" data-image-meta=\"{&quot;aperture&quot;:&quot;0&quot;,&quot;credit&quot;:&quot;&quot;,&quot;camera&quot;:&quot;&quot;,&quot;caption&quot;:&quot;&quot;,&quot;created_timestamp&quot;:&quot;0&quot;,&quot;copyright&quot;:&quot;Adeline Monnier&quot;,&quot;focal_length&quot;:&quot;0&quot;,&quot;iso&quot;:&quot;0&quot;,&quot;shutter_speed&quot;:&quot;0&quot;,&quot;title&quot;:&quot;&quot;,&quot;orientation&quot;:&quot;0&quot;}\" data-image-title=\"gratin2\" data-image-description=\"\" data-image-caption=\"\" data-medium-file=\"https:\/\/i0.wp.com\/lesateliersgourmands.fr\/wp-content\/uploads\/2016\/06\/gratin2.jpg?fit=213%2C300&amp;ssl=1\" data-large-file=\"https:\/\/i0.wp.com\/lesateliersgourmands.fr\/wp-content\/uploads\/2016\/06\/gratin2.jpg?fit=569%2C800&amp;ssl=1\" decoding=\"async\" loading=\"lazy\" class=\"wp-image-92 aligncenter\" src=\"https:\/\/i0.wp.com\/lesateliersgourmands.fr\/wp-content\/uploads\/2016\/06\/gratin2.jpg?resize=613%2C864\" alt=\"\" width=\"613\" height=\"864\" srcset=\"https:\/\/i0.wp.com\/lesateliersgourmands.fr\/wp-content\/uploads\/2016\/06\/gratin2.jpg?resize=213%2C300&amp;ssl=1 213w, https:\/\/i0.wp.com\/lesateliersgourmands.fr\/wp-content\/uploads\/2016\/06\/gratin2.jpg?resize=230%2C323&amp;ssl=1 230w, https:\/\/i0.wp.com\/lesateliersgourmands.fr\/wp-content\/uploads\/2016\/06\/gratin2.jpg?resize=350%2C492&amp;ssl=1 350w\" sizes=\"(max-width: 613px) 100vw, 613px\" data-recalc-dims=\"1\" \/><\/p>\n<p>Certains de nos gratins et de nos crumbles sont propos\u00e9s \u00e0 la vente \u00e0 emporter.<\/p>\n<p>Pour s&rsquo;adapter et afin de r\u00e9pondre au mieux \u00e0 vos attentes, nous conseillons l&rsquo;anticipation des commandes (ne pas h\u00e9siter \u00e0 laisser un message avec vos coordonn\u00e9es). Une commande la veille pour un retrait le lendemain midi, et le matin pour un retrait le soir.<\/p>\n<p>Selon nos possibilit\u00e9s (qui d\u00e9pendent des emport\u00e9s d\u00e9j\u00e0 en note et des r\u00e9servations de tables d\u00e9j\u00e0 effectu\u00e9es), nous validerons (ou non) avec vous la commande, en convenant du jour et de l&rsquo;heure du retrait \u00e0 la cr\u00eaperie.<\/p>\n<p>Alors une envie de gratins, n&rsquo;h\u00e9sitez pas..<\/p>\n<p>D\u00e9sol\u00e9s par avance si toutefois nous ne pouvions valider votre commande.<\/p>\n","protected":false},"excerpt":{"rendered":"<p>Certains de nos gratins et de nos crumbles sont propos\u00e9s \u00e0 la vente \u00e0 emporter. Pour s&rsquo;adapter et afin de r\u00e9pondre au mieux \u00e0 vos attentes, nous conseillons l&rsquo;anticipation des commandes (ne pas h\u00e9siter \u00e0 laisser un message avec vos coordonn\u00e9es). Une commande la veille &hellip; <\/p>\n","protected":false},"author":1,"featured_media":0,"parent":0,"menu_order":0,"comment_status":"closed","ping_status":"closed","template":"","meta":{"jetpack_post_was_ever_published":false,"footnotes":""},"jetpack_sharing_enabled":true,"jetpack_shortlink":"https:\/\/wp.me\/P7Cprq-6J","jetpack-related-posts":[{"id":17,"url":"https:\/\/lesateliersgourmands.fr\/index.php\/les-gratins-a-emporter\/","url_meta":{"origin":417,"position":0},"title":"Les gratins \u00e0 emporter    02 97 72 10 76","author":"admin6964","date":"1 juin 2016","format":false,"excerpt":"ANDOUILLE : pommes de terre, andouille ch\u00e8vre, pommes (fruit), cr\u00e8me BUFFALO BILL : pommes de terre, fondue d'oignons, boeuf hach\u00e9, fromage ail & fines herbes, cr\u00e8me 3 FROMAGES : pommes de terre, ch\u00e8vre, reblochon, comt\u00e9, emmental, cr\u00e8me GOURMET* : pommes de terre, lardons, fondue de poireaux, cur\u00e9 Nantais, cr\u00e8me GRATIFLETTE\u2026","rel":"","context":"Article similaire","block_context":{"text":"Article similaire","link":""},"img":{"alt_text":"","src":"","width":0,"height":0},"classes":[]},{"id":2,"url":"https:\/\/lesateliersgourmands.fr\/","url_meta":{"origin":417,"position":1},"title":"Les ateliers gourmands","author":"admin6964","date":"31 mai 2016","format":false,"excerpt":"Vous \u00eates plut\u00f4t galette ou gratin ? Laissez-vous s\u00e9duire par cette demeure de caract\u00e8re. Elle date du XVIe si\u00e8cle et elle est l'une des plus anciennes b\u00e2tisses de Plo\u00ebrmel. Avant de pousser la porte, \u00e0 l'ext\u00e9rieur en fa\u00e7ade, admirez les Marmousets, ces personnages burlesques et extravagants qui vous accueillent... A\u2026","rel":"","context":"Article similaire","block_context":{"text":"Article similaire","link":""},"img":{"alt_text":"","src":"","width":0,"height":0},"classes":[]},{"id":14,"url":"https:\/\/lesateliersgourmands.fr\/index.php\/nous-trouver\/","url_meta":{"origin":417,"position":2},"title":"Nous trouver","author":"admin6964","date":"1 juin 2016","format":false,"excerpt":"Les Ateliers Gourmands, 7 rue Beaumanoir, 56800 Plo\u00ebrmel T\u00e9l\u00e9phone : 02 97 72 10 76 Hors saison : ouvert du mardi au samedi soir, sauf mercredi midi et vendredi midi. Pleine saison : en juillet et en aout, ouverture suppl\u00e9mentaire le dimanche midi. Des modifications peuvent survenir, il est conseill\u00e9\u2026","rel":"","context":"Article similaire","block_context":{"text":"Article similaire","link":""},"img":{"alt_text":"","src":"","width":0,"height":0},"classes":[]}],"_links":{"self":[{"href":"https:\/\/lesateliersgourmands.fr\/index.php\/wp-json\/wp\/v2\/pages\/417"}],"collection":[{"href":"https:\/\/lesateliersgourmands.fr\/index.php\/wp-json\/wp\/v2\/pages"}],"about":[{"href":"https:\/\/lesateliersgourmands.fr\/index.php\/wp-json\/wp\/v2\/types\/page"}],"author":[{"embeddable":true,"href":"https:\/\/lesateliersgourmands.fr\/index.php\/wp-json\/wp\/v2\/users\/1"}],"replies":[{"embeddable":true,"href":"https:\/\/lesateliersgourmands.fr\/index.php\/wp-json\/wp\/v2\/comments?post=417"}],"version-history":[{"count":6,"href":"https:\/\/lesateliersgourmands.fr\/index.php\/wp-json\/wp\/v2\/pages\/417\/revisions"}],"predecessor-version":[{"id":534,"href":"https:\/\/lesateliersgourmands.fr\/index.php\/wp-json\/wp\/v2\/pages\/417\/revisions\/534"}],"wp:attachment":[{"href":"https:\/\/lesateliersgourmands.fr\/index.php\/wp-json\/wp\/v2\/media?parent=417"}],"curies":[{"name":"wp","href":"https:\/\/api.w.org\/{rel}","templated":true}]}}