{"id":2,"date":"2016-05-31T12:51:05","date_gmt":"2016-05-31T11:51:05","guid":{"rendered":"http:\/\/lesateliersgourmands.fr\/?page_id=2"},"modified":"2025-06-15T17:55:20","modified_gmt":"2025-06-15T16:55:20","slug":"les-ateliers-gourmands","status":"publish","type":"page","link":"https:\/\/lesateliersgourmands.fr\/","title":{"rendered":"Les ateliers gourmands"},"content":{"rendered":"<div id=\"pl-2\"  class=\"panel-layout\" ><div id=\"pg-2-0\"  class=\"panel-grid panel-has-style\" ><div class=\"panel-row-style panel-row-style-for-2-0\" ><div id=\"pgc-2-0-0\"  class=\"panel-grid-cell\" ><div id=\"panel-2-0-0-0\" class=\"so-panel widget widget_text panel-first-child\" data-index=\"0\" ><div class=\"panel-widget-style panel-widget-style-for-2-0-0-0\" >\t\t\t<div class=\"textwidget\"><h3>Vous \u00eates plut\u00f4t galette ou gratin ?<\/p>\n<p>Laissez-vous s\u00e9duire par cette demeure de caract\u00e8re.<br \/>\nElle date du XVIe si\u00e8cle et elle est l'une des plus anciennes b\u00e2tisses de Plo\u00ebrmel.<br \/>\nAvant de pousser la porte, \u00e0 l'ext\u00e9rieur en fa\u00e7ade, admirez les Marmousets, ces personnages burlesques et extravagants qui vous accueillent...<\/p>\n<p>A l'int\u00e9rieur, convivialit\u00e9 et plaisir seront les maitres-mots !<\/p>\n<p>Vous choisirez galettes, gratins, salades ? Tout d\u00e9pendra de l'envie du moment entre le croustillant des galettes ou le fondant des gratins...<br \/>\nVotre gourmandise pourra vous guider.<\/p>\n<p>Ces plats seront confectionn\u00e9s par Patrick, \u00e0 la demande : quelques kilogrammes de farine plo\u00ebrmelaise seront transform\u00e9s en galettes artisanales, garnies de produits frais et locaux, quelques pommes de terre fonderont en gratins...<br \/>\nAlors galettes ou gratins ? <\/p>\n<p>Vous finirez s\u00fbrement par une note sucr\u00e9e ?<br \/>\nChristelle vous servira volontiers la cr\u00eape \"gourmande\" ou le crumble \"coup de coeur\", et avec plaisir, elle \u00e9changera le petit mot qui va bien ! <\/p>\n<p>Pour arroser ces doux moments, la carte proposera entre-autre, le cidre de Merdrignac, mais aussi le rhum arrang\u00e9, fa\u00e7on les Marmousets...<\/p>\n<p>A vous de choisir le jour, du mardi au samedi, pour d\u00e9jeuner \u00e0 partir de 12h00, diner \u00e0 partir de 19h00.<br \/>\nEn juillet et ao\u00fbt, une terrasse, sur cour privative, pourra \u00e9ventuellement vous accueillir.<br \/>\nPensez \u00e0 r\u00e9server au 02 97 72 10 76<\/p>\n<p>Au plaisir !<\/p>\n<\/div>\n\t\t<\/div><\/div><div id=\"panel-2-0-0-1\" class=\"so-panel widget widget_text panel-last-child\" data-index=\"1\" ><div class=\"panel-widget-style panel-widget-style-for-2-0-0-1\" >\t\t\t<div class=\"textwidget\"><\/div>\n\t\t<\/div><\/div><\/div><\/div><\/div><div id=\"pg-2-1\"  class=\"panel-grid panel-has-style\" ><div class=\"panel-row-style panel-row-style-for-2-1\" ><div id=\"pgc-2-1-0\"  class=\"panel-grid-cell panel-grid-cell-empty\" ><\/div><div id=\"pgc-2-1-1\"  class=\"panel-grid-cell panel-grid-cell-mobile-last\" ><div id=\"panel-2-1-1-0\" class=\"so-panel widget widget_sow-google-map panel-first-child panel-last-child\" data-index=\"2\" ><div class=\"panel-widget-style panel-widget-style-for-2-1-1-0\" ><div\n\t\t\t\n\t\t\tclass=\"so-widget-sow-google-map so-widget-sow-google-map-default-67982931ae57-2\"\n\t\t\t\n\t\t>\n<div class=\"sow-google-map-canvas\"\n\tstyle=\"\"\n\tid=\"map-canvas-a04aeb6990d652430a47291dbf477913\"\n\tdata-options=\"{&quot;address&quot;:&quot;7 Rue Beaumanoir, 56800 Plo\\u00ebrmel, FRANCE&quot;,&quot;zoom&quot;:16,&quot;mobileZoom&quot;:16,&quot;gestureHandling&quot;:&quot;greedy&quot;,&quot;disableUi&quot;:false,&quot;keepCentered&quot;:false,&quot;markerIcon&quot;:&quot;&quot;,&quot;markersDraggable&quot;:false,&quot;markerAtCenter&quot;:true,&quot;markerInfoDisplay&quot;:&quot;click&quot;,&quot;markerInfoMultiple&quot;:true,&quot;markerPositions&quot;:&quot;&quot;,&quot;mapName&quot;:&quot;&quot;,&quot;mapStyles&quot;:&quot;&quot;,&quot;directions&quot;:&quot;&quot;,&quot;apiKey&quot;:&quot;&quot;,&quot;breakpoint&quot;:&quot;780&quot;}\"\n\tdata-fallback-image=\"{&quot;img&quot;:&quot;&quot;}\"><\/div>\n<\/div><\/div><\/div><\/div><div id=\"pgc-2-1-2\"  class=\"panel-grid-cell panel-grid-cell-empty\" ><\/div><\/div><\/div><\/div>","protected":false},"excerpt":{"rendered":"<p>Vous \u00eates plut\u00f4t galette ou gratin ? Laissez-vous s\u00e9duire par cette demeure de caract\u00e8re. Elle date du XVIe si\u00e8cle et elle est l&rsquo;une des plus anciennes b\u00e2tisses de Plo\u00ebrmel. Avant de pousser la porte, \u00e0 l&rsquo;ext\u00e9rieur en fa\u00e7ade, admirez les Marmousets, ces personnages burlesques et &hellip; <\/p>\n","protected":false},"author":1,"featured_media":0,"parent":0,"menu_order":0,"comment_status":"closed","ping_status":"closed","template":"","meta":{"jetpack_post_was_ever_published":false,"footnotes":""},"jetpack_sharing_enabled":true,"jetpack_shortlink":"https:\/\/wp.me\/P7Cprq-2","jetpack-related-posts":[{"id":17,"url":"https:\/\/lesateliersgourmands.fr\/index.php\/les-gratins-a-emporter\/","url_meta":{"origin":2,"position":0},"title":"Les gratins \u00e0 emporter    02 97 72 10 76","author":"admin6964","date":"1 juin 2016","format":false,"excerpt":"ANDOUILLE : pommes de terre, andouille ch\u00e8vre, pommes (fruit), cr\u00e8me BUFFALO BILL : pommes de terre, fondue d'oignons, boeuf hach\u00e9, fromage ail & fines herbes, cr\u00e8me 3 FROMAGES : pommes de terre, ch\u00e8vre, reblochon, comt\u00e9, emmental, cr\u00e8me GOURMET* : pommes de terre, lardons, fondue de poireaux, cur\u00e9 Nantais, cr\u00e8me GRATIFLETTE\u2026","rel":"","context":"Article similaire","block_context":{"text":"Article similaire","link":""},"img":{"alt_text":"","src":"","width":0,"height":0},"classes":[]},{"id":417,"url":"https:\/\/lesateliersgourmands.fr\/index.php\/commandes-gratins-et-crumbles-a-emporter\/","url_meta":{"origin":2,"position":1},"title":"Commandes : GRATINS ET CRUMBLES A EMPORTER","author":"admin6964","date":"26 janvier 2021","format":false,"excerpt":"Certains de nos gratins et de nos crumbles sont propos\u00e9s \u00e0 la vente \u00e0 emporter. Pour s'adapter et afin de r\u00e9pondre au mieux \u00e0 vos attentes, nous conseillons l'anticipation des commandes (ne pas h\u00e9siter \u00e0 laisser un message avec vos coordonn\u00e9es). Une commande la veille pour un retrait le lendemain\u2026","rel":"","context":"Article similaire","block_context":{"text":"Article similaire","link":""},"img":{"alt_text":"","src":"https:\/\/i0.wp.com\/lesateliersgourmands.fr\/wp-content\/uploads\/2016\/06\/gratin2-213x300.jpg?resize=350%2C200","width":350,"height":200,"srcset":"https:\/\/i0.wp.com\/lesateliersgourmands.fr\/wp-content\/uploads\/2016\/06\/gratin2-213x300.jpg?resize=350%2C200 1x, https:\/\/i0.wp.com\/lesateliersgourmands.fr\/wp-content\/uploads\/2016\/06\/gratin2-213x300.jpg?resize=525%2C300 1.5x"},"classes":[]}],"_links":{"self":[{"href":"https:\/\/lesateliersgourmands.fr\/index.php\/wp-json\/wp\/v2\/pages\/2"}],"collection":[{"href":"https:\/\/lesateliersgourmands.fr\/index.php\/wp-json\/wp\/v2\/pages"}],"about":[{"href":"https:\/\/lesateliersgourmands.fr\/index.php\/wp-json\/wp\/v2\/types\/page"}],"author":[{"embeddable":true,"href":"https:\/\/lesateliersgourmands.fr\/index.php\/wp-json\/wp\/v2\/users\/1"}],"replies":[{"embeddable":true,"href":"https:\/\/lesateliersgourmands.fr\/index.php\/wp-json\/wp\/v2\/comments?post=2"}],"version-history":[{"count":49,"href":"https:\/\/lesateliersgourmands.fr\/index.php\/wp-json\/wp\/v2\/pages\/2\/revisions"}],"predecessor-version":[{"id":538,"href":"https:\/\/lesateliersgourmands.fr\/index.php\/wp-json\/wp\/v2\/pages\/2\/revisions\/538"}],"wp:attachment":[{"href":"https:\/\/lesateliersgourmands.fr\/index.php\/wp-json\/wp\/v2\/media?parent=2"}],"curies":[{"name":"wp","href":"https:\/\/api.w.org\/{rel}","templated":true}]}}