{"id":17,"date":"2016-06-01T13:26:52","date_gmt":"2016-06-01T12:26:52","guid":{"rendered":"http:\/\/lesateliersgourmands.fr\/?page_id=17"},"modified":"2025-06-15T18:25:35","modified_gmt":"2025-06-15T17:25:35","slug":"les-gratins-a-emporter","status":"publish","type":"page","link":"https:\/\/lesateliersgourmands.fr\/index.php\/les-gratins-a-emporter\/","title":{"rendered":"Les gratins \u00e0 emporter <blanc\/>   02 97 72 10 76"},"content":{"rendered":"<div id=\"pl-17\"  class=\"panel-layout\" ><div id=\"pg-17-0\"  class=\"panel-grid panel-has-style\" ><div class=\"panel-row-style panel-row-style-for-17-0\" ><div id=\"pgc-17-0-0\"  class=\"panel-grid-cell\" ><div id=\"panel-17-0-0-0\" class=\"so-panel widget widget_text panel-first-child panel-last-child\" data-index=\"0\" ><div class=\"panel-widget-style panel-widget-style-for-17-0-0-0\" >\t\t\t<div class=\"textwidget\"><p style=\"font-size: 13px; line-height: 13px\">\n<p><span class=\"noir\"><strong>ANDOUILLE :<\/span><\/strong> pommes de terre, andouille ch\u00e8vre, pommes (fruit), cr\u00e8me<\/p>\n<p><span class=\"blanc\"><strong>BUFFALO BILL :<\/span><\/strong> pommes de terre, fondue d'oignons, boeuf hach\u00e9, fromage ail & fines herbes, cr\u00e8me<\/p>\n<p><span class=\"blanc\"><strong>3 FROMAGES :<\/span><\/strong> pommes de terre, ch\u00e8vre, reblochon, comt\u00e9, emmental, cr\u00e8me<\/p>\n<p><span class=\"blanc\"><strong>GOURMET* :<\/span><\/strong> pommes de terre, lardons, fondue de poireaux, cur\u00e9 Nantais, cr\u00e8me<\/p>\n<\/div>\n\t\t<\/div><\/div><\/div><div id=\"pgc-17-0-1\"  class=\"panel-grid-cell\" ><div id=\"panel-17-0-1-0\" class=\"so-panel widget widget_text panel-first-child panel-last-child\" data-index=\"1\" ><div class=\"panel-widget-style panel-widget-style-for-17-0-1-0\" >\t\t\t<div class=\"textwidget\"><p style=\"font-size: 13px; line-height: 13px\">\n<p><span class=\"blanc\"><strong>GRATIFLETTE :<\/span><\/strong> pommes de terre, lardons, fondue d'oignons, reblochon, cr\u00e8me<\/p>\n<p><span class=\"noir\"><strong>GRISON :<\/span><\/strong> pommes de terre, grison, parmesan, tomates, cr\u00e8me aux herbes<\/p>\n<p><span class=\"blanc\"><strong>MARMOUSET* :<\/span><\/strong> pommes de terre, andouille, fondue de poireaux, cr\u00e8me<\/p>\n<\/div>\n\t\t<\/div><\/div><\/div><div id=\"pgc-17-0-2\"  class=\"panel-grid-cell\" ><div id=\"panel-17-0-2-0\" class=\"so-panel widget widget_text panel-first-child panel-last-child\" data-index=\"2\" ><div class=\"panel-widget-style panel-widget-style-for-17-0-2-0\" >\t\t\t<div class=\"textwidget\"><p style=\"font-size: 13px; line-height: 13px\">\n<p><span class=\"blanc\"><strong>NORMAND :<\/span><\/strong> pommes de terre,  poulet, champignons, b\u00e9chamel<\/p>\n<p><span class=\"blanc\"><strong>OCEAN* :<\/span><\/strong> pommes de terre, saumon, fondue de poireaux, cr\u00e8me<\/p>\n<p><span class=\"noir\"><strong>SERRANO :<\/span><\/strong> pommes de terre, ch\u00e8vre, Serrano, cr\u00e8me aux herbes<\/p>\n<p><span class=\"blanc\"><strong>VEGETARIEN* :<\/span><\/strong> pommes de terre, ch\u00e8vre, fondue de poireaux, cr\u00e8me<\/p>\n<\/div>\n\t\t<\/div><\/div><\/div><div id=\"pgc-17-0-3\"  class=\"panel-grid-cell\" ><div id=\"panel-17-0-3-0\" class=\"so-panel widget widget_text panel-first-child panel-last-child\" data-index=\"3\" ><div class=\"panel-widget-style panel-widget-style-for-17-0-3-0\" >\t\t\t<div class=\"textwidget\"><p><span class=\"blanc\"><strong><br \/>\nVEGETATOUT :<\/span><\/strong> pommes de terre,  courgettes et champignons cr\u00e8me paprika,  comt\u00e9, graines torr\u00e9fi\u00e9es, cr\u00e8me<\/p>\n<p><span class=\"blanc\"><strong><\/p>\n<p>LES CRUMBLES\u00a0 : <\/span><\/strong> <\/p>\n<p style=\"font-size: 13px; line-height: 13px\">\n<p>Ananas-chocolat-coco r\u00e2p\u00e9e<br \/>\nBanane-chocolat<br \/>\nBanane Nutella<br \/>\nPommes caramel au beurre sal\u00e9<\/p>\n<\/div>\n\t\t<\/div><\/div><\/div><div id=\"pgc-17-0-4\"  class=\"panel-grid-cell\" ><div id=\"panel-17-0-4-0\" class=\"so-panel widget widget_text panel-first-child panel-last-child\" data-index=\"4\" ><div class=\"panel-widget-style panel-widget-style-for-17-0-4-0\" >\t\t\t<div class=\"textwidget\"><p><span class=\"blanc\"><strong>NOS GRATINS A EMPORTER :<br \/>\n9,50 \u20ac gratin simple <\/p>\n<p>Formule \u00e0 14,60 \u20ac : 1 gratin simple + 1 crumble au choix <\/p>\n<p>A commander en dehors des heures de service, par t\u00e9l\u00e9phone (vous pouvez laisser un message, avec votre num\u00e9ro de t\u00e9l\u00e9phone, pour qu'on vous rappelle et valide la commande avec vous, en fonction de nos possibilit\u00e9s)<br \/>\nSi retrait au service du midi, commander la veille,<br \/>\nSi retrait au service du soir, commander le matin.<br \/>\n<\/span><\/strong><\/p>\n<p>*   Gratins selon saison<\/p>\n<p>Des recettes peuvent \u00e9voluer avec les saisons<\/p>\n<\/div>\n\t\t<\/div><\/div><\/div><\/div><\/div><div id=\"pg-17-1\"  class=\"panel-grid panel-no-style\" ><div id=\"pgc-17-1-0\"  class=\"panel-grid-cell panel-grid-cell-empty\" ><\/div><\/div><\/div>","protected":false},"excerpt":{"rendered":"<p>ANDOUILLE : pommes de terre, andouille ch\u00e8vre, pommes (fruit), cr\u00e8me BUFFALO BILL : pommes de terre, fondue d&rsquo;oignons, boeuf hach\u00e9, fromage ail &#038; fines herbes, cr\u00e8me 3 FROMAGES : pommes de terre, ch\u00e8vre, reblochon, comt\u00e9, emmental, cr\u00e8me GOURMET* : pommes de terre, lardons, fondue de &hellip; <\/p>\n","protected":false},"author":1,"featured_media":0,"parent":0,"menu_order":0,"comment_status":"closed","ping_status":"closed","template":"","meta":{"jetpack_post_was_ever_published":false,"footnotes":""},"jetpack_sharing_enabled":true,"jetpack_shortlink":"https:\/\/wp.me\/P7Cprq-h","jetpack-related-posts":[{"id":2,"url":"https:\/\/lesateliersgourmands.fr\/","url_meta":{"origin":17,"position":0},"title":"Les ateliers gourmands","author":"admin6964","date":"31 mai 2016","format":false,"excerpt":"Vous \u00eates plut\u00f4t galette ou gratin ? Laissez-vous s\u00e9duire par cette demeure de caract\u00e8re. Elle date du XVIe si\u00e8cle et elle est l'une des plus anciennes b\u00e2tisses de Plo\u00ebrmel. Avant de pousser la porte, \u00e0 l'ext\u00e9rieur en fa\u00e7ade, admirez les Marmousets, ces personnages burlesques et extravagants qui vous accueillent... A\u2026","rel":"","context":"Article similaire","block_context":{"text":"Article similaire","link":""},"img":{"alt_text":"","src":"","width":0,"height":0},"classes":[]}],"_links":{"self":[{"href":"https:\/\/lesateliersgourmands.fr\/index.php\/wp-json\/wp\/v2\/pages\/17"}],"collection":[{"href":"https:\/\/lesateliersgourmands.fr\/index.php\/wp-json\/wp\/v2\/pages"}],"about":[{"href":"https:\/\/lesateliersgourmands.fr\/index.php\/wp-json\/wp\/v2\/types\/page"}],"author":[{"embeddable":true,"href":"https:\/\/lesateliersgourmands.fr\/index.php\/wp-json\/wp\/v2\/users\/1"}],"replies":[{"embeddable":true,"href":"https:\/\/lesateliersgourmands.fr\/index.php\/wp-json\/wp\/v2\/comments?post=17"}],"version-history":[{"count":138,"href":"https:\/\/lesateliersgourmands.fr\/index.php\/wp-json\/wp\/v2\/pages\/17\/revisions"}],"predecessor-version":[{"id":541,"href":"https:\/\/lesateliersgourmands.fr\/index.php\/wp-json\/wp\/v2\/pages\/17\/revisions\/541"}],"wp:attachment":[{"href":"https:\/\/lesateliersgourmands.fr\/index.php\/wp-json\/wp\/v2\/media?parent=17"}],"curies":[{"name":"wp","href":"https:\/\/api.w.org\/{rel}","templated":true}]}}